{"id":14,"date":"2021-02-02T15:11:58","date_gmt":"2021-02-02T15:11:58","guid":{"rendered":"http:\/\/mapar.com.ar\/en\/mapar2021\/?page_id=14"},"modified":"2021-12-14T10:40:44","modified_gmt":"2021-12-14T10:40:44","slug":"inicio","status":"publish","type":"page","link":"http:\/\/mapar.com.ar\/en\/","title":{"rendered":"Inicio"},"content":{"rendered":"\t\t<div data-elementor-type=\"wp-page\" data-elementor-id=\"14\" class=\"elementor elementor-14\" data-elementor-settings=\"[]\">\n\t\t\t\t\t\t<div class=\"elementor-inner\">\n\t\t\t\t\t\t\t<div class=\"elementor-section-wrap\">\n\t\t\t\t\t\t\t<section class=\"elementor-section elementor-top-section elementor-element elementor-element-1bab5d5 elementor-section-height-min-height elementor-section-boxed elementor-section-height-default elementor-section-items-middle\" data-id=\"1bab5d5\" data-element_type=\"section\" data-settings=\"{&quot;background_background&quot;:&quot;classic&quot;}\">\n\t\t\t\t\t\t<div class=\"elementor-container elementor-column-gap-default\">\n\t\t\t\t\t\t\t<div class=\"elementor-row\">\n\t\t\t\t\t<div class=\"elementor-column elementor-col-100 elementor-top-column elementor-element elementor-element-050be8a\" data-id=\"050be8a\" data-element_type=\"column\" data-settings=\"{&quot;background_background&quot;:&quot;classic&quot;}\">\n\t\t\t<div class=\"elementor-column-wrap elementor-element-populated\">\n\t\t\t\t\t\t\t<div class=\"elementor-widget-wrap\">\n\t\t\t\t\t\t<div class=\"elementor-element elementor-element-0e04c1a elementor-widget elementor-widget-heading\" data-id=\"0e04c1a\" data-element_type=\"widget\" data-widget_type=\"heading.default\">\n\t\t\t\t<div class=\"elementor-widget-container\">\n\t\t\t<h2 class=\"elementor-heading-title elementor-size-xl\">Lead manufacturer of livestock by-products<\/h2>\t\t<\/div>\n\t\t\t\t<\/div>\n\t\t\t\t\t\t<\/div>\n\t\t\t\t\t<\/div>\n\t\t<\/div>\n\t\t\t\t\t\t\t\t<\/div>\n\t\t\t\t\t<\/div>\n\t\t<\/section>\n\t\t\t\t<section class=\"elementor-section elementor-top-section elementor-element elementor-element-c055636 elementor-section-boxed elementor-section-height-default elementor-section-height-default\" data-id=\"c055636\" data-element_type=\"section\">\n\t\t\t\t\t\t<div class=\"elementor-container elementor-column-gap-default\">\n\t\t\t\t\t\t\t<div class=\"elementor-row\">\n\t\t\t\t\t<div class=\"elementor-column elementor-col-50 elementor-top-column elementor-element elementor-element-88a71e1\" data-id=\"88a71e1\" data-element_type=\"column\">\n\t\t\t<div class=\"elementor-column-wrap elementor-element-populated\">\n\t\t\t\t\t\t\t<div class=\"elementor-widget-wrap\">\n\t\t\t\t\t\t<div class=\"elementor-element elementor-element-ac2c58f elementor-widget elementor-widget-image\" data-id=\"ac2c58f\" data-element_type=\"widget\" data-widget_type=\"image.default\">\n\t\t\t\t<div class=\"elementor-widget-container\">\n\t\t\t\t\t\t\t\t<div class=\"elementor-image\">\n\t\t\t\t\t\t\t\t\t\t\t\t<img loading=\"lazy\" decoding=\"async\" width=\"300\" height=\"204\" src=\"http:\/\/mapar.com.ar\/en\/wp-content\/uploads\/new-logo-ENG-small-300x204.png\" class=\"attachment-medium size-medium\" alt=\"\" srcset=\"http:\/\/mapar.com.ar\/en\/wp-content\/uploads\/new-logo-ENG-small-300x204.png 300w, http:\/\/mapar.com.ar\/en\/wp-content\/uploads\/new-logo-ENG-small.png 600w\" sizes=\"auto, (max-width: 300px) 100vw, 300px\" \/>\t\t\t\t\t\t\t\t\t\t\t\t\t\t<\/div>\n\t\t\t\t\t\t<\/div>\n\t\t\t\t<\/div>\n\t\t\t\t\t\t<\/div>\n\t\t\t\t\t<\/div>\n\t\t<\/div>\n\t\t\t\t<div class=\"elementor-column elementor-col-50 elementor-top-column elementor-element elementor-element-cae75f0\" data-id=\"cae75f0\" data-element_type=\"column\">\n\t\t\t<div class=\"elementor-column-wrap elementor-element-populated\">\n\t\t\t\t\t\t\t<div class=\"elementor-widget-wrap\">\n\t\t\t\t\t\t<div class=\"elementor-element elementor-element-2e92063 elementor-widget elementor-widget-text-editor\" data-id=\"2e92063\" data-element_type=\"widget\" data-widget_type=\"text-editor.default\">\n\t\t\t\t<div class=\"elementor-widget-container\">\n\t\t\t\t\t\t\t\t<div class=\"elementor-text-editor elementor-clearfix\">\n\t\t\t\t<p>Our company is one of the largest corporate groups dedicated to the production of livestock by-products in Argentina.<\/p><p>The association with the companies Frigor\u00edfico Gorina, Frigor\u00edfico Santa Giulia, Planta Faenadora Bancalari, Ecocarnes and Frigor\u00edfico Merlo, which in turn are our suppliers, ensures that production is constant and maintains its maximum capacity throughout the year.<\/p><p>Our main activity focuses on the production of meat and bone meal for animal nutrition products as well as the production of tallow for soap factories, refineries, biofuels and the pet food industries. Excellence, quality and productivity are our priority goals.<\/p><p>Mapar consolidates a corporate structure with high levels of efficiency and management, which is why today, our company occupies a leading position in all the markets where it is present. It is also the only company in the field in the country that has SAP management systems, differentiating itself from the competition and providing a better service for its suppliers and customers.<\/p><p>We invite you to learn about Mapar; to share the results of two generations of work with the same spirit and endeavour aimed at high competitiveness, generations that have taken the challenge of addressing an ever changing market.<\/p><p>Given these constant challenges, Mapar continues, as from its early days, prioritizing permanent technology updating, quality achievement, staff excellence and rapid adjustment to changes.\u00a0<\/p><p>nowadays, the company has 65 employees who share a common spirit of initiative and the same ideals for growth on a daily basis.<\/p><p>Mapar promotes, with the highest level of demand, the values that characterize its business management:<\/p><p><b>Ethics<\/b>: in its business operational management, strategic decisions and business relationships.<\/p><p><b>Quality<\/b>: always present in each of its products as well as in the manufacturing processes, due to constant technological research.<\/p><p><b>Leadership<\/b>: Mapar directs all efforts to consolidate its status as a leading company in Argentina, with a strong international projection.<\/p><p><b>Human Resources<\/b>: Team spirit, constant training, collaboration and service-oriented attitude are respected, acknowledged and encouraged by our company.<\/p><p><b>Professional Career<\/b>: in a world where evolution is a constant characteristic, Mapar focuses on maintaining a fair, balanced and equitable style of business conduct.<\/p>\t\t\t\t\t<\/div>\n\t\t\t\t\t\t<\/div>\n\t\t\t\t<\/div>\n\t\t\t\t\t\t<\/div>\n\t\t\t\t\t<\/div>\n\t\t<\/div>\n\t\t\t\t\t\t\t\t<\/div>\n\t\t\t\t\t<\/div>\n\t\t<\/section>\n\t\t\t\t<section class=\"elementor-section elementor-top-section elementor-element elementor-element-d09c8ca elementor-section-boxed elementor-section-height-default elementor-section-height-default\" data-id=\"d09c8ca\" data-element_type=\"section\" data-settings=\"{&quot;background_background&quot;:&quot;classic&quot;,&quot;shape_divider_top&quot;:&quot;opacity-tilt&quot;}\">\n\t\t\t\t\t\t\t<div class=\"elementor-background-overlay\"><\/div>\n\t\t\t\t\t\t<div class=\"elementor-shape elementor-shape-top\" data-negative=\"false\">\n\t\t\t<svg xmlns=\"http:\/\/www.w3.org\/2000\/svg\" viewBox=\"0 0 2600 131.1\" preserveAspectRatio=\"none\">\n\t<path class=\"elementor-shape-fill\" d=\"M0 0L2600 0 2600 69.1 0 0z\"\/>\n\t<path class=\"elementor-shape-fill\" style=\"opacity:0.5\" d=\"M0 0L2600 0 2600 69.1 0 69.1z\"\/>\n\t<path class=\"elementor-shape-fill\" style=\"opacity:0.25\" d=\"M2600 0L0 0 0 130.1 2600 69.1z\"\/>\n<\/svg>\t\t<\/div>\n\t\t\t\t\t<div class=\"elementor-container elementor-column-gap-default\">\n\t\t\t\t\t\t\t<div class=\"elementor-row\">\n\t\t\t\t\t<div class=\"elementor-column elementor-col-50 elementor-top-column elementor-element elementor-element-12ebf09\" data-id=\"12ebf09\" data-element_type=\"column\">\n\t\t\t<div class=\"elementor-column-wrap elementor-element-populated\">\n\t\t\t\t\t\t\t<div class=\"elementor-widget-wrap\">\n\t\t\t\t\t\t<div class=\"elementor-element elementor-element-087fd99 elementor-widget elementor-widget-heading\" data-id=\"087fd99\" data-element_type=\"widget\" data-widget_type=\"heading.default\">\n\t\t\t\t<div class=\"elementor-widget-container\">\n\t\t\t<h2 class=\"elementor-heading-title elementor-size-default\">Worldwide Exports<\/h2>\t\t<\/div>\n\t\t\t\t<\/div>\n\t\t\t\t\t\t<\/div>\n\t\t\t\t\t<\/div>\n\t\t<\/div>\n\t\t\t\t<div class=\"elementor-column elementor-col-50 elementor-top-column elementor-element elementor-element-6be806e\" data-id=\"6be806e\" data-element_type=\"column\">\n\t\t\t<div class=\"elementor-column-wrap elementor-element-populated\">\n\t\t\t\t\t\t\t<div class=\"elementor-widget-wrap\">\n\t\t\t\t\t\t<div class=\"elementor-element elementor-element-bfb061b elementor-widget elementor-widget-image\" data-id=\"bfb061b\" data-element_type=\"widget\" data-widget_type=\"image.default\">\n\t\t\t\t<div class=\"elementor-widget-container\">\n\t\t\t\t\t\t\t\t<div class=\"elementor-image\">\n\t\t\t\t\t\t\t\t\t\t\t\t<img loading=\"lazy\" decoding=\"async\" width=\"1024\" height=\"622\" src=\"http:\/\/mapar.com.ar\/en\/wp-content\/uploads\/2021\/03\/Mapa-export-1024x622.jpg\" class=\"attachment-large size-large\" alt=\"\" srcset=\"http:\/\/mapar.com.ar\/en\/wp-content\/uploads\/2021\/03\/Mapa-export-1024x622.jpg 1024w, http:\/\/mapar.com.ar\/en\/wp-content\/uploads\/2021\/03\/Mapa-export-300x182.jpg 300w, http:\/\/mapar.com.ar\/en\/wp-content\/uploads\/2021\/03\/Mapa-export-768x467.jpg 768w, http:\/\/mapar.com.ar\/en\/wp-content\/uploads\/2021\/03\/Mapa-export.jpg 1200w\" sizes=\"auto, (max-width: 1024px) 100vw, 1024px\" \/>\t\t\t\t\t\t\t\t\t\t\t\t\t\t<\/div>\n\t\t\t\t\t\t<\/div>\n\t\t\t\t<\/div>\n\t\t\t\t\t\t<\/div>\n\t\t\t\t\t<\/div>\n\t\t<\/div>\n\t\t\t\t\t\t\t\t<\/div>\n\t\t\t\t\t<\/div>\n\t\t<\/section>\n\t\t\t\t<section class=\"elementor-section elementor-top-section elementor-element elementor-element-c110522 elementor-section-boxed elementor-section-height-default elementor-section-height-default\" data-id=\"c110522\" data-element_type=\"section\" data-settings=\"{&quot;background_background&quot;:&quot;classic&quot;}\">\n\t\t\t\t\t\t<div class=\"elementor-container elementor-column-gap-default\">\n\t\t\t\t\t\t\t<div class=\"elementor-row\">\n\t\t\t\t\t<div class=\"elementor-column elementor-col-33 elementor-top-column elementor-element elementor-element-e8d07b4\" data-id=\"e8d07b4\" data-element_type=\"column\">\n\t\t\t<div class=\"elementor-column-wrap elementor-element-populated\">\n\t\t\t\t\t\t\t<div class=\"elementor-widget-wrap\">\n\t\t\t\t\t\t<div class=\"elementor-element elementor-element-649bede elementor-widget elementor-widget-image\" data-id=\"649bede\" data-element_type=\"widget\" data-widget_type=\"image.default\">\n\t\t\t\t<div class=\"elementor-widget-container\">\n\t\t\t\t\t\t\t\t<div class=\"elementor-image\">\n\t\t\t\t\t\t\t\t\t\t\t\t\t<a href=\"http:\/\/www.worldrenderers.com\/\">\n\t\t\t\t\t\t\t<img loading=\"lazy\" decoding=\"async\" width=\"400\" height=\"182\" src=\"http:\/\/mapar.com.ar\/en\/wp-content\/uploads\/2021\/02\/WROlogo-small.png\" class=\"attachment-large size-large\" alt=\"\" srcset=\"http:\/\/mapar.com.ar\/en\/wp-content\/uploads\/2021\/02\/WROlogo-small.png 400w, http:\/\/mapar.com.ar\/en\/wp-content\/uploads\/2021\/02\/WROlogo-small-300x137.png 300w\" sizes=\"auto, (max-width: 400px) 100vw, 400px\" \/>\t\t\t\t\t\t\t\t<\/a>\n\t\t\t\t\t\t\t\t\t\t\t\t\t\t<\/div>\n\t\t\t\t\t\t<\/div>\n\t\t\t\t<\/div>\n\t\t\t\t\t\t<\/div>\n\t\t\t\t\t<\/div>\n\t\t<\/div>\n\t\t\t\t<div class=\"elementor-column elementor-col-66 elementor-top-column elementor-element elementor-element-ad884f0\" data-id=\"ad884f0\" data-element_type=\"column\">\n\t\t\t<div class=\"elementor-column-wrap elementor-element-populated\">\n\t\t\t\t\t\t\t<div class=\"elementor-widget-wrap\">\n\t\t\t\t\t\t<div class=\"elementor-element elementor-element-ec35664 elementor-widget elementor-widget-heading\" data-id=\"ec35664\" data-element_type=\"widget\" data-widget_type=\"heading.default\">\n\t\t\t\t<div class=\"elementor-widget-container\">\n\t\t\t<h4 class=\"elementor-heading-title elementor-size-default\">Official representative of Argentina in the WRO<\/h4>\t\t<\/div>\n\t\t\t\t<\/div>\n\t\t\t\t<div class=\"elementor-element elementor-element-f91d789 elementor-widget elementor-widget-text-editor\" data-id=\"f91d789\" data-element_type=\"widget\" data-widget_type=\"text-editor.default\">\n\t\t\t\t<div class=\"elementor-widget-container\">\n\t\t\t\t\t\t\t\t<div class=\"elementor-text-editor elementor-clearfix\">\n\t\t\t\t<p>Mapar is the delegate and official representative of Argentina in the WRO (<a href=\"http:\/\/www.worldrenderers.com\/\" target=\"_blank\" rel=\"noopener\">World Rendering Organization<\/a>). Mapar is also a member of Clirsa (Consejo Latinoamericano de la Industria de Reciclaje de Subrproductos Ganaderos \/ Latin American Council of the Recycling Industry of Livestock By-products).<\/p><p>Actively participating in congresses in Europe, Australia and the US (Nara), Mapar is integrated into the most important markets in the world and nurtures, exposes and develops new trends in production and care of the environment for the Industry.<\/p>\t\t\t\t\t<\/div>\n\t\t\t\t\t\t<\/div>\n\t\t\t\t<\/div>\n\t\t\t\t\t\t<\/div>\n\t\t\t\t\t<\/div>\n\t\t<\/div>\n\t\t\t\t\t\t\t\t<\/div>\n\t\t\t\t\t<\/div>\n\t\t<\/section>\n\t\t\t\t\t\t<\/div>\n\t\t\t\t\t\t<\/div>\n\t\t\t\t\t<\/div>\n\t\t","protected":false},"excerpt":{"rendered":"<p>Lead manufacturer of livestock by-products Our company is one of the largest corporate groups dedicated to the production of livestock by-products in Argentina. The association with the companies Frigor\u00edfico Gorina, Frigor\u00edfico Santa Giulia, Planta Faenadora Bancalari, Ecocarnes and Frigor\u00edfico Merlo, which in turn are our suppliers, ensures that production is constant and maintains its maximum &#8230; <a title=\"Inicio\" class=\"read-more\" href=\"http:\/\/mapar.com.ar\/en\/\" aria-label=\"More on Inicio\">Read more<\/a><\/p>\n","protected":false},"author":1,"featured_media":0,"parent":0,"menu_order":0,"comment_status":"closed","ping_status":"closed","template":"elementor_header_footer","meta":{"footnotes":""},"class_list":["post-14","page","type-page","status-publish"],"_links":{"self":[{"href":"http:\/\/mapar.com.ar\/en\/wp-json\/wp\/v2\/pages\/14","targetHints":{"allow":["GET"]}}],"collection":[{"href":"http:\/\/mapar.com.ar\/en\/wp-json\/wp\/v2\/pages"}],"about":[{"href":"http:\/\/mapar.com.ar\/en\/wp-json\/wp\/v2\/types\/page"}],"author":[{"embeddable":true,"href":"http:\/\/mapar.com.ar\/en\/wp-json\/wp\/v2\/users\/1"}],"replies":[{"embeddable":true,"href":"http:\/\/mapar.com.ar\/en\/wp-json\/wp\/v2\/comments?post=14"}],"version-history":[{"count":55,"href":"http:\/\/mapar.com.ar\/en\/wp-json\/wp\/v2\/pages\/14\/revisions"}],"predecessor-version":[{"id":369,"href":"http:\/\/mapar.com.ar\/en\/wp-json\/wp\/v2\/pages\/14\/revisions\/369"}],"wp:attachment":[{"href":"http:\/\/mapar.com.ar\/en\/wp-json\/wp\/v2\/media?parent=14"}],"curies":[{"name":"wp","href":"https:\/\/api.w.org\/{rel}","templated":true}]}}